{"id":21,"date":"2022-02-02T11:03:46","date_gmt":"2022-02-02T11:03:46","guid":{"rendered":"https:\/\/mensquadrant.com\/?page_id=21"},"modified":"2024-11-22T07:46:13","modified_gmt":"2024-11-22T07:46:13","slug":"about-us","status":"publish","type":"page","link":"https:\/\/mensquadrant.com\/br\/about-us\/","title":{"rendered":"Sobre N\u00f3s"},"content":{"rendered":"<blockquote>\n<p style=\"text-align: center;\"><strong>Men&#8217;s Quadrant &#8211; Tornando os Homens Melhores com moda sem complica\u00e7\u00f5es.<\/strong><\/p>\n<\/blockquote>\n<p>A <a href=\"https:\/\/mensquadrant.com\/\"><strong>Men&#8217;s Quadrant<\/strong><\/a> acreditava que todo homem precisa parecer inteligente, limpo e atemporal onde quer que v\u00e1. Um homem deve sempre levar sua moda come\u00e7ando pelo guarda-roupa e principalmente quando enfrenta as atividades do dia a dia. Os homens devem se vestir bem o tempo todo e os homens que se vestem bem ganham respeito e sucesso onde quer que ele v\u00e1.<\/p>\n<p><a href=\"https:\/\/mensquadrant.com\/\"><em>Mensquadrant.com<\/em><\/a> \u00e9 um blog de <strong>moda masculina<\/strong> e fala sobre as \u00faltimas tend\u00eancias da moda masculina <em><strong>como roupas<\/strong><\/em>, <em><strong>sapatos<\/strong><\/em>, <em><strong>rel\u00f3gios<\/strong><\/em>, <em><strong>acess\u00f3rios<\/strong><\/em> e <em><strong>estilo de vida<\/strong><\/em>. Queremos elevar cada homem que quer estar no topo de sua multid\u00e3o e ser o espectro de sua masculinidade. Queremos que voc\u00ea domine seu estilo, se apresente com respeito, confian\u00e7a e ganhe mais aten\u00e7\u00e3o.<\/p>\n<p>Descubra sua apar\u00eancia e estilo absolutos com os artigos do <a href=\"https:\/\/mensquadrant.com\/\"><strong>Men&#8217;s Quadrant<\/strong><\/a> que abordam dicas e informa\u00e7\u00f5es \u00fateis que podem orient\u00e1-lo para uma apar\u00eancia melhor e tend\u00eancias atualizadas que certamente ajudam a melhorar seu estilo de vida. Compartilharemos detalhes sobre onde comprar, o que comprar e como us\u00e1-lo corretamente. Fique confort\u00e1vel e ganhe mais respeito ao se arrumar com confian\u00e7a hoje.<\/p>\n<p>&nbsp;<\/p>\n<p style=\"text-align: center;\">This website is managed and owned by: <strong><a href=\"https:\/\/hattradedesk.com\/\" target=\"_blank\" rel=\"noopener\">Hat SRL<\/a><br \/>\nHat Trade Desk<br \/>\n<\/strong>\u00a0Partita IVA: 02336070681 &#8211; VIA LUNGATERNO SUD 52, 65127 PESCARA PE<br \/>\n<a href=\"https:\/\/hattradedesk.com\/\" target=\"_blank\" rel=\"noopener\">hattradedesk.com<\/a><br \/>\nhattradedesk@gmail.com<\/p>\n","protected":false},"excerpt":{"rendered":"<p>Men&#8217;s Quadrant &#8211; Tornando os Homens Melhores com moda sem complica\u00e7\u00f5es. A Men&#8217;s Quadrant acreditava que todo homem precisa parecer inteligente, limpo e atemporal onde quer que v\u00e1. Um homem&hellip;<\/p>\n","protected":false},"author":1,"featured_media":0,"parent":0,"menu_order":0,"comment_status":"closed","ping_status":"closed","template":"","meta":{"footnotes":""},"class_list":["post-21","page","type-page","status-publish"],"_links":{"self":[{"href":"https:\/\/mensquadrant.com\/br\/wp-json\/wp\/v2\/pages\/21","targetHints":{"allow":["GET"]}}],"collection":[{"href":"https:\/\/mensquadrant.com\/br\/wp-json\/wp\/v2\/pages"}],"about":[{"href":"https:\/\/mensquadrant.com\/br\/wp-json\/wp\/v2\/types\/page"}],"author":[{"embeddable":true,"href":"https:\/\/mensquadrant.com\/br\/wp-json\/wp\/v2\/users\/1"}],"replies":[{"embeddable":true,"href":"https:\/\/mensquadrant.com\/br\/wp-json\/wp\/v2\/comments?post=21"}],"version-history":[{"count":4,"href":"https:\/\/mensquadrant.com\/br\/wp-json\/wp\/v2\/pages\/21\/revisions"}],"predecessor-version":[{"id":600,"href":"https:\/\/mensquadrant.com\/br\/wp-json\/wp\/v2\/pages\/21\/revisions\/600"}],"wp:attachment":[{"href":"https:\/\/mensquadrant.com\/br\/wp-json\/wp\/v2\/media?parent=21"}],"curies":[{"name":"wp","href":"https:\/\/api.w.org\/{rel}","templated":true}]}}