{"id":21,"date":"2022-02-02T11:03:46","date_gmt":"2022-02-02T11:03:46","guid":{"rendered":"https:\/\/mensquadrant.com\/de\/uber-uns"},"modified":"2024-11-22T12:23:35","modified_gmt":"2024-11-22T12:23:35","slug":"uber-uns","status":"publish","type":"page","link":"https:\/\/mensquadrant.com\/de\/uber-uns\/","title":{"rendered":"\u00dcber uns"},"content":{"rendered":"<blockquote><p><strong><span class=\"goog-text-highlight\">Men&#8217;s Quadrant \u2013 M\u00e4nner mit Mode besser machen ohne Probleme.<\/span><\/strong><\/p><\/blockquote>\n<p><a href=\"https:\/\/mensquadrant.com\" rel=\"\">Men&#8217;s Quadrant<\/a>\u00a0glaubte, dass jeder Mann \u00fcberall schick, sauber und zeitlos aussehen sollte.\u00a0Ein Mann sollte seine Mode immer tragen, beginnend mit seiner Garderobe und besonders, wenn er sich den t\u00e4glichen Aktivit\u00e4ten stellt.\u00a0M\u00e4nner sollten sich die ganze Zeit schick kleiden und M\u00e4nner, die sich verkleiden, gewinnen Respekt und Erfolg, wo immer er damit hingeht.<\/p>\n<p><a href=\"https:\/\/mensquadrant.com\" rel=\"\"><em><strong>Mensquadrant.com<\/strong><\/em><\/a>\u00a0ist ein M\u00e4nnermode-Blog und spricht \u00fcber die neuesten Trends in der Mode f\u00fcr M\u00e4nner wie<em><strong>\u00a0Kleidung<\/strong><\/em>\u00a0,<em><strong>\u00a0Schuhe<\/strong><\/em>\u00a0,<em><strong>\u00a0Uhren<\/strong><\/em>\u00a0,<em><strong>\u00a0Accessoires<\/strong><\/em>\u00a0und<em><strong>\u00a0Lifestyle<\/strong><\/em>\u00a0.\u00a0Wir wollen jeden Mann hervorheben, der an der Spitze seiner Masse stehen und das Spektrum seiner M\u00e4nnlichkeit abbilden m\u00f6chte.\u00a0Wir m\u00f6chten, dass Sie Ihren Stil beherrschen, sich respektvoll pr\u00e4sentieren, vertrauen und mehr Aufmerksamkeit erlangen.<\/p>\n<p>Entdecken Sie Ihren absoluten Look und Stil mit den Artikeln im\u00a0<a href=\"https:\/\/mensquadrant.com\" rel=\"\"><em>Men&#8217;s Quadrant<\/em><\/a>\u00a0, die Tipps und n\u00fctzliche Informationen behandeln, die Sie zu einem besseren Aussehen und aktuellen Trends f\u00fchren k\u00f6nnen, die sicherlich dazu beitragen, Ihren Lebensstil zu verbessern.\u00a0Wir werden Details dar\u00fcber teilen, wo Sie einkaufen, was Sie kaufen und wie Sie es richtig tragen.\u00a0Machen Sie es sich bequem und verdienen Sie sich mehr Respekt, wenn Sie sich heute selbstbewusst pflegen.<\/p>\n<p>&nbsp;<\/p>\n<p style=\"text-align: center;\">This website is managed and owned by: <strong><a href=\"https:\/\/hattradedesk.com\/\" target=\"_blank\" rel=\"noopener\">Hat SRL<\/a><br \/>\nHat Trade Desk<br \/>\n<\/strong>\u00a0Partita IVA: 02336070681 &#8211; VIA LUNGATERNO SUD 52, 65127 PESCARA PE<br \/>\n<a href=\"https:\/\/hattradedesk.com\/\" target=\"_blank\" rel=\"noopener\">hattradedesk.com<\/a><br \/>\nhattradedesk@gmail.com<\/p>\n","protected":false},"excerpt":{"rendered":"<p>Men&#8217;s Quadrant \u2013 M\u00e4nner mit Mode besser machen ohne Probleme. Men&#8217;s Quadrant\u00a0glaubte, dass jeder Mann \u00fcberall schick, sauber und zeitlos aussehen sollte.\u00a0Ein Mann sollte seine Mode immer tragen, beginnend mit&hellip;<\/p>\n","protected":false},"author":1,"featured_media":0,"parent":0,"menu_order":0,"comment_status":"closed","ping_status":"closed","template":"","meta":{"footnotes":""},"class_list":["post-21","page","type-page","status-publish"],"_links":{"self":[{"href":"https:\/\/mensquadrant.com\/de\/wp-json\/wp\/v2\/pages\/21","targetHints":{"allow":["GET"]}}],"collection":[{"href":"https:\/\/mensquadrant.com\/de\/wp-json\/wp\/v2\/pages"}],"about":[{"href":"https:\/\/mensquadrant.com\/de\/wp-json\/wp\/v2\/types\/page"}],"author":[{"embeddable":true,"href":"https:\/\/mensquadrant.com\/de\/wp-json\/wp\/v2\/users\/1"}],"replies":[{"embeddable":true,"href":"https:\/\/mensquadrant.com\/de\/wp-json\/wp\/v2\/comments?post=21"}],"version-history":[{"count":2,"href":"https:\/\/mensquadrant.com\/de\/wp-json\/wp\/v2\/pages\/21\/revisions"}],"predecessor-version":[{"id":444,"href":"https:\/\/mensquadrant.com\/de\/wp-json\/wp\/v2\/pages\/21\/revisions\/444"}],"wp:attachment":[{"href":"https:\/\/mensquadrant.com\/de\/wp-json\/wp\/v2\/media?parent=21"}],"curies":[{"name":"wp","href":"https:\/\/api.w.org\/{rel}","templated":true}]}}