{"id":21,"date":"2022-02-02T11:03:46","date_gmt":"2022-02-02T11:03:46","guid":{"rendered":"https:\/\/mensquadrant.com\/?page_id=21"},"modified":"2024-11-22T12:18:27","modified_gmt":"2024-11-22T12:18:27","slug":"about-us","status":"publish","type":"page","link":"https:\/\/mensquadrant.com\/es\/about-us\/","title":{"rendered":"Sobre Nosotros"},"content":{"rendered":"<blockquote>\n<p style=\"text-align: center;\"><strong>Men&#8217;s Quadrant: mejorar a los hombres con moda sin complicaciones.<\/strong><\/p>\n<\/blockquote>\n<p><a href=\"https:\/\/mensquadrant.com\/\"><strong>Men&#8217;s Quadrant<\/strong><\/a> cre\u00eda que todos los hombres deben lucir elegantes, limpios y atemporales dondequiera que vayan. Un hombre siempre debe llevar su moda comenzando por su guardarropa y sobre todo cuando se enfrenta al d\u00eda a d\u00eda. Los hombres deben vestir bien todo el tiempo y los hombres que se visten ganan respeto y \u00e9xito donde quiera que vayan.<\/p>\n<p><a href=\"https:\/\/mensquadrant.com\/\">Mensquadrant.com<\/a> es un blog de moda para hombres y habla sobre las \u00faltimas tendencias en <em><strong>moda para hombres<\/strong><\/em>, <em><strong>como ropa<\/strong><\/em>, <em><strong>zapatos<\/strong><\/em>, <em><strong>relojes<\/strong><\/em>, <em><strong>accesorios<\/strong><\/em> y <em><strong>estilo de vida<\/strong><\/em>. Queremos elevar a cada hombre que quiere ser el mejor de su multitud y ser el espectro de su masculinidad. Queremos que domines tu estilo, te presentes con respeto, confianza y obtengas m\u00e1s atenci\u00f3n.<\/p>\n<p>Descubra su apariencia y estilo absolutos con los art\u00edculos de <a href=\"https:\/\/mensquadrant.com\/\"><strong>Men&#8217;s Quadrant<\/strong><\/a> que abordan consejos e informaci\u00f3n \u00fatil que pueden guiarlo para lograr una mejor apariencia y tendencias actualizadas que seguramente lo ayudar\u00e1n a mejorar su estilo de vida. Compartiremos detalles sobre d\u00f3nde comprar, qu\u00e9 comprar y c\u00f3mo usarlo correctamente. Si\u00e9ntete c\u00f3modo y gana m\u00e1s respeto mientras te arreglas con confianza hoy.<\/p>\n<p>&nbsp;<\/p>\n<p style=\"text-align: center;\">This website is managed and owned by: <strong><a href=\"https:\/\/hattradedesk.com\/\" target=\"_blank\" rel=\"noopener\">Hat SRL<\/a><br \/>\nHat Trade Desk<br \/>\n<\/strong>\u00a0Partita IVA: 02336070681 &#8211; VIA LUNGATERNO SUD 52, 65127 PESCARA PE<br \/>\n<a href=\"https:\/\/hattradedesk.com\/\" target=\"_blank\" rel=\"noopener\">hattradedesk.com<\/a><br \/>\nhattradedesk@gmail.com<\/p>\n","protected":false},"excerpt":{"rendered":"<p>Men&#8217;s Quadrant: mejorar a los hombres con moda sin complicaciones. Men&#8217;s Quadrant cre\u00eda que todos los hombres deben lucir elegantes, limpios y atemporales dondequiera que vayan. Un hombre siempre debe&hellip;<\/p>\n","protected":false},"author":1,"featured_media":0,"parent":0,"menu_order":0,"comment_status":"closed","ping_status":"closed","template":"","meta":{"footnotes":""},"class_list":["post-21","page","type-page","status-publish"],"_links":{"self":[{"href":"https:\/\/mensquadrant.com\/es\/wp-json\/wp\/v2\/pages\/21","targetHints":{"allow":["GET"]}}],"collection":[{"href":"https:\/\/mensquadrant.com\/es\/wp-json\/wp\/v2\/pages"}],"about":[{"href":"https:\/\/mensquadrant.com\/es\/wp-json\/wp\/v2\/types\/page"}],"author":[{"embeddable":true,"href":"https:\/\/mensquadrant.com\/es\/wp-json\/wp\/v2\/users\/1"}],"replies":[{"embeddable":true,"href":"https:\/\/mensquadrant.com\/es\/wp-json\/wp\/v2\/comments?post=21"}],"version-history":[{"count":5,"href":"https:\/\/mensquadrant.com\/es\/wp-json\/wp\/v2\/pages\/21\/revisions"}],"predecessor-version":[{"id":447,"href":"https:\/\/mensquadrant.com\/es\/wp-json\/wp\/v2\/pages\/21\/revisions\/447"}],"wp:attachment":[{"href":"https:\/\/mensquadrant.com\/es\/wp-json\/wp\/v2\/media?parent=21"}],"curies":[{"name":"wp","href":"https:\/\/api.w.org\/{rel}","templated":true}]}}