{"id":21,"date":"2022-02-02T11:03:46","date_gmt":"2022-02-02T11:03:46","guid":{"rendered":"https:\/\/mensquadrant.com\/?page_id=21"},"modified":"2024-11-22T07:51:04","modified_gmt":"2024-11-22T07:51:04","slug":"about-us","status":"publish","type":"page","link":"https:\/\/mensquadrant.com\/fr\/about-us\/","title":{"rendered":"\u00c0 Propos de Nous"},"content":{"rendered":"<blockquote>\n<p style=\"text-align: center;\"><strong>Men&#8217;s Quadrant &#8211; Rendre les hommes meilleurs avec la mode sans tracas.<\/strong><\/p>\n<\/blockquote>\n<p><a href=\"https:\/\/mensquadrant.com\/\"><strong>Men&#8217;s Quadrant<\/strong><\/a> pense que chaque homme doit avoir l&#8217;air \u00e9l\u00e9gant, propre et intemporel o\u00f9 qu&#8217;il aille. Un homme doit toujours porter sa mode en commen\u00e7ant par sa garde-robe et surtout lorsqu&#8217;il fait face \u00e0 des activit\u00e9s quotidiennes. Les hommes doivent s&#8217;habiller impeccablement tout le temps et les hommes qui s&#8217;habillent gagnent le respect et le succ\u00e8s partout o\u00f9 ils vont avec.<\/p>\n<p><a href=\"https:\/\/mensquadrant.com\/\"><em>Mensquadrant.com<\/em><\/a> est un blog de mode pour hommes et parle des derni\u00e8res tendances de la <em><strong>mode pour hommes comme les v\u00eatements<\/strong><\/em>, <em><strong>les chaussures<\/strong><\/em>, <em><strong>les montres<\/strong><\/em>, <em><strong>les accessoires<\/strong><\/em> et <em><strong>le style de vie<\/strong><\/em>. Nous voulons \u00e9lever chaque homme qui veut \u00eatre le meilleur de sa foule et \u00eatre le spectre de sa virilit\u00e9. Nous voulons que vous ma\u00eetrisiez votre style, que vous vous pr\u00e9sentiez avec respect, confiance et obteniez plus d&#8217;attention.<\/p>\n<p>D\u00e9couvrez votre look et votre style absolus avec les articles du <a href=\"https:\/\/mensquadrant.com\/\"><strong>Men&#8217;s Quadrant<\/strong><\/a> qui abordent des conseils et des informations utiles qui peuvent vous guider pour une meilleure apparence et des tendances \u00e0 jour qui contribuent s\u00fbrement \u00e0 am\u00e9liorer votre style de vie. Nous partagerons des d\u00e9tails sur les endroits o\u00f9 acheter, ce qu&#8217;il faut acheter et comment le porter correctement. Soyez \u00e0 l&#8217;aise et gagnez plus de respect en vous pr\u00e9parant avec confiance aujourd&#8217;hui.<\/p>\n<p>&nbsp;<\/p>\n<p style=\"text-align: center;\">This website is managed and owned by: <strong><a href=\"https:\/\/hattradedesk.com\/\" target=\"_blank\" rel=\"noopener\">Hat SRL<\/a><br \/>\nHat Trade Desk<br \/>\n<\/strong>\u00a0Partita IVA: 02336070681 &#8211; VIA LUNGATERNO SUD 52, 65127 PESCARA PE<br \/>\n<a href=\"https:\/\/hattradedesk.com\/\" target=\"_blank\" rel=\"noopener\">hattradedesk.com<\/a><br \/>\nhattradedesk@gmail.com<\/p>\n","protected":false},"excerpt":{"rendered":"<p>Men&#8217;s Quadrant &#8211; Rendre les hommes meilleurs avec la mode sans tracas. Men&#8217;s Quadrant pense que chaque homme doit avoir l&#8217;air \u00e9l\u00e9gant, propre et intemporel o\u00f9 qu&#8217;il aille. Un homme&hellip;<\/p>\n","protected":false},"author":1,"featured_media":0,"parent":0,"menu_order":0,"comment_status":"closed","ping_status":"closed","template":"","meta":{"footnotes":""},"class_list":["post-21","page","type-page","status-publish"],"_links":{"self":[{"href":"https:\/\/mensquadrant.com\/fr\/wp-json\/wp\/v2\/pages\/21","targetHints":{"allow":["GET"]}}],"collection":[{"href":"https:\/\/mensquadrant.com\/fr\/wp-json\/wp\/v2\/pages"}],"about":[{"href":"https:\/\/mensquadrant.com\/fr\/wp-json\/wp\/v2\/types\/page"}],"author":[{"embeddable":true,"href":"https:\/\/mensquadrant.com\/fr\/wp-json\/wp\/v2\/users\/1"}],"replies":[{"embeddable":true,"href":"https:\/\/mensquadrant.com\/fr\/wp-json\/wp\/v2\/comments?post=21"}],"version-history":[{"count":5,"href":"https:\/\/mensquadrant.com\/fr\/wp-json\/wp\/v2\/pages\/21\/revisions"}],"predecessor-version":[{"id":459,"href":"https:\/\/mensquadrant.com\/fr\/wp-json\/wp\/v2\/pages\/21\/revisions\/459"}],"wp:attachment":[{"href":"https:\/\/mensquadrant.com\/fr\/wp-json\/wp\/v2\/media?parent=21"}],"curies":[{"name":"wp","href":"https:\/\/api.w.org\/{rel}","templated":true}]}}