{"id":21,"date":"2022-02-02T11:03:46","date_gmt":"2022-02-02T11:03:46","guid":{"rendered":"https:\/\/mensquadrant.com\/?page_id=21"},"modified":"2024-11-22T12:35:37","modified_gmt":"2024-11-22T12:35:37","slug":"about-us","status":"publish","type":"page","link":"https:\/\/mensquadrant.com\/pl\/about-us\/","title":{"rendered":"O nas"},"content":{"rendered":"<blockquote><p><strong>Men&#8217;s Quadrant \u2013 Uczyni\u0107 m\u0119\u017cczyzn lepszymi dzi\u0119ki modzie bez k\u0142opot\u00f3w.<\/strong><\/p><\/blockquote>\n<p><a href=\"https:\/\/translate.google.com\/website?sl=en&amp;tl=pl&amp;hl=en&amp;client=webapp&amp;u=https:\/\/mensquadrant.com\/\" rel=\"\">Men&#8217;s Quadrant<\/a>\u00a0wierzy\u0142, \u017ce ka\u017cdy m\u0119\u017cczyzna musi wygl\u0105da\u0107 elegancko, czysto i ponadczasowo, gdziekolwiek si\u0119 pojawi.\u00a0M\u0119\u017cczyzna powinien zawsze nosi\u0107 swoj\u0105 mod\u0119, zaczynaj\u0105c od swojej garderoby, a zw\u0142aszcza gdy ma do czynienia z codziennymi czynno\u015bciami.\u00a0M\u0119\u017cczy\u017ani powinni ca\u0142y czas ubiera\u0107 si\u0119 elegancko, a m\u0119\u017cczy\u017ani, kt\u00f3rzy si\u0119 przebieraj\u0105, zyskuj\u0105 szacunek i sukces, gdziekolwiek si\u0119 z tym udaj\u0105.<\/p>\n<p><a href=\"https:\/\/translate.google.com\/website?sl=en&amp;tl=pl&amp;hl=en&amp;client=webapp&amp;u=https:\/\/mensquadrant.com\/\" rel=\"\"><em><strong>Mensquadrant.com<\/strong><\/em><\/a>\u00a0to blog o modzie m\u0119skiej, kt\u00f3ry opowiada o najnowszych trendach w modzie m\u0119skiej, takich jak<em><strong>\u00a0odzie\u017c<\/strong><\/em>\u00a0,<em><strong>\u00a0buty<\/strong><\/em>\u00a0,<em><strong>\u00a0zegarki<\/strong><\/em>\u00a0,<em><strong>\u00a0akcesoria<\/strong><\/em>\u00a0i<em><strong>\u00a0lifestyle<\/strong><\/em>\u00a0.\u00a0Chcemy wynie\u015b\u0107 ka\u017cdego m\u0119\u017cczyzn\u0119, kt\u00f3ry chce by\u0107 na szczycie swojego t\u0142umu i by\u0107 spektrum swojej m\u0119sko\u015bci.\u00a0Chcemy, aby\u015b opanowa\u0142 sw\u00f3j styl, prezentowa\u0142 si\u0119 z szacunkiem, zaufaniem i zyska\u0142 wi\u0119cej uwagi.<\/p>\n<p>Odkryj sw\u00f3j absolutny wygl\u0105d i styl dzi\u0119ki artyku\u0142om\u00a0<a href=\"https:\/\/translate.google.com\/website?sl=en&amp;tl=pl&amp;hl=en&amp;client=webapp&amp;u=https:\/\/mensquadrant.com\/\" rel=\"\"><em>Men&#8217;s Quadrant<\/em><\/a>\u00a0, kt\u00f3re zawieraj\u0105 wskaz\u00f3wki i przydatne informacje, kt\u00f3re pomog\u0105 Ci uzyska\u0107 lepszy wygl\u0105d i aktualne trendy, kt\u00f3re z pewno\u015bci\u0105 pomog\u0105 poprawi\u0107 Tw\u00f3j styl \u017cycia.\u00a0Podzielimy si\u0119 szczeg\u00f3\u0142ami o tym, gdzie robi\u0107 zakupy, co kupowa\u0107 i jak prawid\u0142owo go nosi\u0107.\u00a0Czuj si\u0119 komfortowo i zdobywaj wi\u0119cej szacunku, kiedy ju\u017c dzi\u015b zadbasz o siebie z pewno\u015bci\u0105 siebie.<\/p>\n<p>&nbsp;<\/p>\n<p style=\"text-align: center;\">This website is managed and owned by: <strong><a href=\"https:\/\/hattradedesk.com\/\" target=\"_blank\" rel=\"noopener\">Hat SRL<\/a><br \/>\nHat Trade Desk<br \/>\n<\/strong>\u00a0Partita IVA: 02336070681 &#8211; VIA LUNGATERNO SUD 52, 65127 PESCARA PE<br \/>\n<a href=\"https:\/\/hattradedesk.com\/\" target=\"_blank\" rel=\"noopener\">hattradedesk.com<\/a><br \/>\nhattradedesk@gmail.com<\/p>\n","protected":false},"excerpt":{"rendered":"<p>Men&#8217;s Quadrant \u2013 Uczyni\u0107 m\u0119\u017cczyzn lepszymi dzi\u0119ki modzie bez k\u0142opot\u00f3w. Men&#8217;s Quadrant\u00a0wierzy\u0142, \u017ce ka\u017cdy m\u0119\u017cczyzna musi wygl\u0105da\u0107 elegancko, czysto i ponadczasowo, gdziekolwiek si\u0119 pojawi.\u00a0M\u0119\u017cczyzna powinien zawsze nosi\u0107 swoj\u0105 mod\u0119, zaczynaj\u0105c&hellip;<\/p>\n","protected":false},"author":1,"featured_media":0,"parent":0,"menu_order":0,"comment_status":"closed","ping_status":"closed","template":"","meta":{"footnotes":""},"class_list":["post-21","page","type-page","status-publish"],"_links":{"self":[{"href":"https:\/\/mensquadrant.com\/pl\/wp-json\/wp\/v2\/pages\/21","targetHints":{"allow":["GET"]}}],"collection":[{"href":"https:\/\/mensquadrant.com\/pl\/wp-json\/wp\/v2\/pages"}],"about":[{"href":"https:\/\/mensquadrant.com\/pl\/wp-json\/wp\/v2\/types\/page"}],"author":[{"embeddable":true,"href":"https:\/\/mensquadrant.com\/pl\/wp-json\/wp\/v2\/users\/1"}],"replies":[{"embeddable":true,"href":"https:\/\/mensquadrant.com\/pl\/wp-json\/wp\/v2\/comments?post=21"}],"version-history":[{"count":2,"href":"https:\/\/mensquadrant.com\/pl\/wp-json\/wp\/v2\/pages\/21\/revisions"}],"predecessor-version":[{"id":490,"href":"https:\/\/mensquadrant.com\/pl\/wp-json\/wp\/v2\/pages\/21\/revisions\/490"}],"wp:attachment":[{"href":"https:\/\/mensquadrant.com\/pl\/wp-json\/wp\/v2\/media?parent=21"}],"curies":[{"name":"wp","href":"https:\/\/api.w.org\/{rel}","templated":true}]}}