{"id":21,"date":"2022-02-02T11:03:46","date_gmt":"2022-02-02T11:03:46","guid":{"rendered":"https:\/\/mensquadrant.com\/?page_id=21"},"modified":"2024-11-22T07:59:48","modified_gmt":"2024-11-22T07:59:48","slug":"about-us","status":"publish","type":"page","link":"https:\/\/mensquadrant.com\/tr\/about-us\/","title":{"rendered":"Bizim Hakk\u0131m\u0131zda"},"content":{"rendered":"<blockquote>\n<p style=\"text-align: center;\"><strong>Men&#8217;s Quadrant &#8211; Erkekleri Sorunsuz Modayla Daha \u0130yi Hale Getirmek.<\/strong><\/p>\n<\/blockquote>\n<p><a href=\"https:\/\/mensquadrant.com\/\"><strong>Men&#8217;s Quadrant<\/strong><\/a>, her erke\u011fin nereye giderse gitsin ak\u0131ll\u0131, temiz ve zamans\u0131z g\u00f6r\u00fcnmesi gerekti\u011fine inan\u0131yordu. Bir erkek, gard\u0131robundan ba\u015flayarak ve \u00f6zellikle g\u00fcnl\u00fck aktivitelerle kar\u015f\u0131 kar\u015f\u0131ya kald\u0131\u011f\u0131nda her zaman modas\u0131n\u0131 ta\u015f\u0131mal\u0131d\u0131r. Erkekler her zaman \u015f\u0131k giyinmeli ve giyinen erkekler nereye giderse gitsin sayg\u0131 ve ba\u015far\u0131 kazan\u0131yor.<\/p>\n<p><a href=\"https:\/\/mensquadrant.com\/\"><em>Mensquadrant.com<\/em><\/a> bir erkek moda blogudur ve <em><strong>giyim<\/strong><\/em>, <em><strong>ayakkab\u0131<\/strong><\/em>, <em><strong>saat<\/strong><\/em>, <em><strong>aksesuar<\/strong><\/em> ve ya\u015fam tarz\u0131 gibi erkekler i\u00e7in modadaki en son trendlerden bahseder. Kalabal\u0131\u011f\u0131n\u0131n zirvesinde olmak ve erkekli\u011finin yelpazesi olmak isteyen her erke\u011fi y\u00fckseltmek istiyoruz. Tarz\u0131n\u0131za hakim olman\u0131z\u0131, kendinizi sayg\u0131yla sunman\u0131z\u0131, g\u00fcvenmenizi ve daha fazla dikkat \u00e7ekmenizi istiyoruz.<\/p>\n<p>Daha iyi g\u00f6r\u00fcn\u00fcmler ve kesinlikle ya\u015fam tarz\u0131n\u0131z\u0131 iyile\u015ftirmeye yard\u0131mc\u0131 olacak g\u00fcncel trendler i\u00e7in size rehberlik edebilecek ipu\u00e7lar\u0131n\u0131 ve faydal\u0131 bilgileri ele alan <a href=\"https:\/\/mensquadrant.com\/\"><strong>Men&#8217;s Quadrant<\/strong><\/a> makaleleri ile mutlak g\u00f6r\u00fcn\u00fcm\u00fcn\u00fcz\u00fc ve stilinizi ke\u015ffedin. Nereden al\u0131\u015fveri\u015f yap\u0131l\u0131r, ne al\u0131n\u0131r ve nas\u0131l d\u00fczg\u00fcn giyilir ile ilgili detaylar\u0131 payla\u015faca\u011f\u0131z. Bug\u00fcn kendinizi g\u00fcvenle t\u0131mar ederken rahat olun ve daha fazla sayg\u0131 kazan\u0131n.<\/p>\n<p>&nbsp;<\/p>\n<p style=\"text-align: center;\">This website is managed and owned by: <strong><a href=\"https:\/\/hattradedesk.com\/\" target=\"_blank\" rel=\"noopener\">Hat SRL<\/a><br \/>\nHat Trade Desk<br \/>\n<\/strong>\u00a0Partita IVA: 02336070681 &#8211; VIA LUNGATERNO SUD 52, 65127 PESCARA PE<br \/>\n<a href=\"https:\/\/hattradedesk.com\/\" target=\"_blank\" rel=\"noopener\">hattradedesk.com<\/a><br \/>\nhattradedesk@gmail.com<\/p>\n","protected":false},"excerpt":{"rendered":"<p>Men&#8217;s Quadrant &#8211; Erkekleri Sorunsuz Modayla Daha \u0130yi Hale Getirmek. Men&#8217;s Quadrant, her erke\u011fin nereye giderse gitsin ak\u0131ll\u0131, temiz ve zamans\u0131z g\u00f6r\u00fcnmesi gerekti\u011fine inan\u0131yordu. Bir erkek, gard\u0131robundan ba\u015flayarak ve \u00f6zellikle&hellip;<\/p>\n","protected":false},"author":1,"featured_media":0,"parent":0,"menu_order":0,"comment_status":"closed","ping_status":"closed","template":"","meta":{"footnotes":""},"class_list":["post-21","page","type-page","status-publish"],"_links":{"self":[{"href":"https:\/\/mensquadrant.com\/tr\/wp-json\/wp\/v2\/pages\/21","targetHints":{"allow":["GET"]}}],"collection":[{"href":"https:\/\/mensquadrant.com\/tr\/wp-json\/wp\/v2\/pages"}],"about":[{"href":"https:\/\/mensquadrant.com\/tr\/wp-json\/wp\/v2\/types\/page"}],"author":[{"embeddable":true,"href":"https:\/\/mensquadrant.com\/tr\/wp-json\/wp\/v2\/users\/1"}],"replies":[{"embeddable":true,"href":"https:\/\/mensquadrant.com\/tr\/wp-json\/wp\/v2\/comments?post=21"}],"version-history":[{"count":6,"href":"https:\/\/mensquadrant.com\/tr\/wp-json\/wp\/v2\/pages\/21\/revisions"}],"predecessor-version":[{"id":418,"href":"https:\/\/mensquadrant.com\/tr\/wp-json\/wp\/v2\/pages\/21\/revisions\/418"}],"wp:attachment":[{"href":"https:\/\/mensquadrant.com\/tr\/wp-json\/wp\/v2\/media?parent=21"}],"curies":[{"name":"wp","href":"https:\/\/api.w.org\/{rel}","templated":true}]}}